{"id":52,"date":"2021-08-15T19:32:24","date_gmt":"2021-08-15T17:32:24","guid":{"rendered":"https:\/\/sigint.hr\/\/?page_id=52"},"modified":"2026-03-13T18:31:31","modified_gmt":"2026-03-13T17:31:31","slug":"kontakt","status":"publish","type":"page","link":"https:\/\/sigint.hr\/en\/kontakt\/","title":{"rendered":"Contact"},"content":{"rendered":"<div class=\"wp-block-columns is-layout-flex wp-container-core-columns-is-layout-9d6595d7 wp-block-columns-is-layout-flex\">\n<div class=\"wp-block-column is-layout-flow wp-block-column-is-layout-flow\">\n<div class=\"form\">\n<div class=\"wpcf7 no-js\" id=\"wpcf7-f83-o1\" lang=\"hr\" dir=\"ltr\" data-wpcf7-id=\"83\">\n<div class=\"screen-reader-response\"><p role=\"status\" aria-live=\"polite\" aria-atomic=\"true\"><\/p> <ul><\/ul><\/div>\n<form action=\"\/en\/wp-json\/wp\/v2\/pages\/52#wpcf7-f83-o1\" method=\"post\" class=\"wpcf7-form init\" aria-label=\"Kontakt obrazac\" novalidate=\"novalidate\" data-status=\"init\" data-trp-original-action=\"\/en\/wp-json\/wp\/v2\/pages\/52#wpcf7-f83-o1\">\n<fieldset class=\"hidden-fields-container\"><input type=\"hidden\" name=\"_wpcf7\" value=\"83\" \/><input type=\"hidden\" name=\"_wpcf7_version\" value=\"6.1.5\" \/><input type=\"hidden\" name=\"_wpcf7_locale\" value=\"hr\" \/><input type=\"hidden\" name=\"_wpcf7_unit_tag\" value=\"wpcf7-f83-o1\" \/><input type=\"hidden\" name=\"_wpcf7_container_post\" value=\"0\" \/><input type=\"hidden\" name=\"_wpcf7_posted_data_hash\" value=\"\" \/>\n<\/fieldset>\n<p><label> Name (*)<br \/>\n<span class=\"wpcf7-form-control-wrap\" data-name=\"your-name\"><input size=\"40\" maxlength=\"400\" class=\"wpcf7-form-control wpcf7-text wpcf7-validates-as-required\" aria-required=\"true\" aria-invalid=\"false\" value=\"\" type=\"text\" name=\"your-name\" \/><\/span> <\/label>\n<\/p>\n<p><label> Your E-mail (*)<br \/>\n<span class=\"wpcf7-form-control-wrap\" data-name=\"your-email\"><input size=\"40\" maxlength=\"400\" class=\"wpcf7-form-control wpcf7-email wpcf7-validates-as-required wpcf7-text wpcf7-validates-as-email\" aria-required=\"true\" aria-invalid=\"false\" value=\"\" type=\"email\" name=\"your-email\" \/><\/span> <\/label>\n<\/p>\n<p><label> City<br \/>\n<span class=\"wpcf7-form-control-wrap\" data-name=\"city\"><input size=\"40\" maxlength=\"400\" class=\"wpcf7-form-control wpcf7-text\" aria-invalid=\"false\" value=\"\" type=\"text\" name=\"city\" \/><\/span> <\/label>\n<\/p>\n<p><label> Phone number (*)<br \/>\n<span class=\"wpcf7-form-control-wrap\" data-name=\"contact-phone\"><input size=\"40\" maxlength=\"400\" class=\"wpcf7-form-control wpcf7-text wpcf7-validates-as-required\" aria-required=\"true\" aria-invalid=\"false\" value=\"\" type=\"text\" name=\"contact-phone\" \/><\/span> <\/label>\n<\/p>\n<p><label> Company<br \/>\n<span class=\"wpcf7-form-control-wrap\" data-name=\"company-name\"><input size=\"40\" maxlength=\"400\" class=\"wpcf7-form-control wpcf7-text\" aria-invalid=\"false\" value=\"\" type=\"text\" name=\"company-name\" \/><\/span> <\/label>\n<\/p>\n<p><label> Message<br \/>\n<span class=\"wpcf7-form-control-wrap\" data-name=\"your-message\"><textarea cols=\"40\" rows=\"10\" maxlength=\"2000\" class=\"wpcf7-form-control wpcf7-textarea\" aria-invalid=\"false\" name=\"your-message\"><\/textarea><\/span> <\/label>\n<\/p>\n<p><p><span class=\"wpcf7-form-control-wrap\"><input type=\"hidden\" name=\"php_start_time\" value=\"1777650580.6675\" \/><input type=\"hidden\" name=\"js_end_time\" class=\"js_end_time\" value=\"\" \/><input type=\"hidden\" name=\"js_start_time\" class=\"js_start_time\" value=\"\" \/><div class=\"f12t\"><input type=\"hidden\" class=\"f12_timer\" name=\"f12_multiple_submission_protection\" value=\"$2y$10$z6a3U3gUWUT4AAj7Lajc4OKnK7rm7CN8hRnBEj0SUNj846FQ724ca\"\/><\/div><div class=\"f12-captcha template-1\">\r\n\t        <!-- Label correctly linked with `for` -->\r\n        <label for=\"c_07d210d6a6ca0cb89954\" class=\"c-label\">\r\n\t\t\tCaptcha        <\/label>\r\n\t\r\n    <div class=\"c-header\">\r\n        <div class=\"c-input\">\r\n            <!-- Dynamische CAPTCHA-Daten mit Aria LIVE aktualisieren -->\r\n            <div class=\"c-data\" aria-live=\"polite\" aria-atomic=\"true\" aria-describedby=\"captcha-instructions\">\r\n\t\t\t\t<span class=\"captcha-calculation\">10 * 1 = ?<\/span>            <\/div>\r\n\r\n            <div class=\"\" >\r\n\t\t\t\t\r\n                <!-- Text field for user input -->\r\n                <input class=\"f12c\"\r\n                       data-method=\"math\"                        type=\"text\" id=\"c_07d210d6a6ca0cb89954\"\r\n                       name=\"f12_captcha\"\r\n                       placeholder=\"Captcha\"\r\n                       value=\"\" aria-required=\"true\"\r\n                       aria-labelledby=\"\"\r\n                       aria-describedby=\"captcha-instructions\"\/>\r\n            <\/div>\r\n        <\/div>\r\n\r\n        <!-- Button for CAPTCHA reload -->\r\n        <div class=\"c-reload\" role=\"button\" tabindex=\"0\" aria-label=\"Ponovno u\u010ditaj CAPTCHA\">\r\n\t\t\t<a href=\"#\" class=\"cf7 captcha-reload\" style=\"display:inline-flex !important; align-items:center !important; justify-content:center !important; background-color:#2196f3 !important; padding:3px !important; border-radius:3px !important; line-height:0 !important; box-sizing:content-box !important; text-decoration:none !important;\" title=\"Ponovno u\u010ditaj Captcha\"><img decoding=\"async\" style=\"display:block !important; width:16px !important; height:16px !important; max-width:none !important; margin:0 !important; padding:0 !important;\" src=\"https:\/\/sigint.hr\/wp-content\/plugins\/captcha-for-contact-form-7\/core\/assets\/reload-icon.png\" alt=\"Ponovno u\u010ditaj\"\/><\/a>        <\/div>\r\n\t\t    <\/div>\r\n\r\n    <!-- Hidden input field for HASH values -->\r\n    <input type=\"hidden\" id=\"hash_c_07d210d6a6ca0cb89954\"\r\n           name=\"f12_captcha_hash\"\r\n           value=\"$2y$10$wAWyRm4zZ6EBn32jH6FQL.1zvcqvlVB4shK6GcXobL6W79wkxJy0i\"\/>\r\n\r\n    <!-- Screenreader-Beschreibung -->\r\n    <p id=\"captcha-instructions\" class=\"screen-reader-text\">\r\n\t\tOva CAPTCHA poma\u017ee osigurati da ste \u010dovjek. Molimo unesite tra\u017eene znakove.    <\/p>\r\n<\/div><input type=\"hidden\" name=\"behavior_nonce\" value=\"\" \/><script>\r\n(function(){\r\n\tvar el = document.currentScript;\r\n\tif (!el) return;\r\n\tvar form = el.closest(\"form\");\r\n\tif (!form || form.dataset.ssInit === \"1\") return;\r\n\tform.dataset.ssInit = \"1\";\r\n\tform.dataset.ssMode = \"protect\";\r\n\tform.dataset.ssSource = \"rule\";\r\n})();\r\n<\/script><\/span><\/p><input class=\"wpcf7-form-control wpcf7-submit has-spinner\" type=\"submit\" value=\"Send\" \/>\n<\/p><div class=\"wpcf7-response-output\" aria-hidden=\"true\"><\/div>\n<input type=\"hidden\" name=\"trp-form-language\" value=\"en\"\/><\/form>\n<\/div>\n<\/div>\n\n\n\n<p><\/p>\n\n\n\n<p><\/p>\n\n\n\n<div style=\"height:27px\" aria-hidden=\"true\" class=\"wp-block-spacer\"><\/div>\n\n\n\n<p><\/p>\n\n\n\n<p><a href=\"https:\/\/sigint.hr\/sigint.d.o.o._public.asc\" type=\"link\" id=\"https:\/\/sigint.hr\/sigint.d.o.o._public.asc\" target=\"_blank\" rel=\"noreferrer noopener\">PGP Public Key<\/a> to send encrypted messages<\/p>\n\n\n\n<p>Signal Messenger <a href=\"https:\/\/signal.me\/#eu\/rOqEFfJLn2ywlFTvYcN3-gJKG-MJNh_Go92kPtNvj7fWAMRTQTFMqLQ0HRXx6U6y\" target=\"_blank\" rel=\"noreferrer noopener\">Contact<\/a><\/p>\n\n\n\n<p><\/p>\n\n\n\n<p><\/p>\n<\/div>\n\n\n\n<div class=\"wp-block-column is-layout-flow wp-block-column-is-layout-flow\">\n<p class=\"has-small-font-size\"><strong>Basic information about the company<\/strong><\/p>\n\n\n\n<p class=\"has-small-font-size\"><strong>NAME<\/strong><br>SIGNAL INTELLIGENCE d.o.o. za usluge<\/p>\n\n\n\n<p class=\"has-small-font-size\"><strong>SHORT NAME<\/strong><br>SIGNAL INTELLIGENCE d.o.o..<\/p>\n\n\n\n<p class=\"has-small-font-size\"><strong>HEADQUARTERS<br>R. Bo\u0161kovi\u0107a 12, Split<\/strong><\/p>\n\n\n\n<p class=\"has-small-font-size\"><strong>LEGAL FORM OF A COMPANY<\/strong><br>Limited liability company (LLC)<\/p>\n\n\n\n<p class=\"has-small-font-size\"><strong>PREDOMINANT ACTIVITY<\/strong><br>74.90 Other professional, scientific and technical activities, d. n.<\/p>\n\n\n\n<p class=\"has-small-font-size\"><strong>REGISTRATION NUMBER (MBS)<\/strong><br>060433008<\/p>\n\n\n\n<p class=\"has-small-font-size\"><strong>PERSONAL IDENTIFICATION NUMBER (PIN)<\/strong><br>74067856680<\/p>\n\n\n\n<p class=\"has-small-font-size\"><strong>VAT ID<\/strong><br>HR74067856680<\/p>\n\n\n\n<p class=\"has-small-font-size\"><strong>EUID<\/strong><br>HRSR.060433008<\/p>\n\n\n\n<p class=\"has-small-font-size\"><strong>THE COURT IN WHICH THE COMPANY IS LISTED IN THE REGISTER<\/strong><br>Trgova\u010dki sud u Splitu<\/p>\n\n\n\n<p class=\"has-small-font-size\"><strong>SHARE CAPITAL<\/strong><br>20.000,00 kn , paid in full<\/p>\n\n\n\n<p class=\"has-small-font-size\"><strong>CEO<\/strong><br>Miranda Gojak<\/p>\n\n\n\n<p class=\"has-small-font-size\"><strong>BANK ACCOUNT, IBAN<\/strong><br>Hrvatska po\u0161tanska banka d.d.&nbsp;&nbsp; HR8823900011101268484<\/p>\n\n\n\n<ul class=\"wp-block-social-links has-icon-color is-style-logos-only is-layout-flex wp-block-social-links-is-layout-flex\"><li style=\"color: #abb8c3; \" class=\"wp-social-link wp-social-link-twitter has-cyan-bluish-gray-color wp-block-social-link\"><a rel=\"noopener nofollow\" target=\"_blank\" href=\"https:\/\/twitter.com\/siginthr\" class=\"wp-block-social-link-anchor\"><svg width=\"24\" height=\"24\" viewbox=\"0 0 24 24\" version=\"1.1\" xmlns=\"http:\/\/www.w3.org\/2000\/svg\" aria-hidden=\"true\" focusable=\"false\"><path d=\"M22.23,5.924c-0.736,0.326-1.527,0.547-2.357,0.646c0.847-0.508,1.498-1.312,1.804-2.27 c-0.793,0.47-1.671,0.812-2.606,0.996C18.324,4.498,17.257,4,16.077,4c-2.266,0-4.103,1.837-4.103,4.103 c0,0.322,0.036,0.635,0.106,0.935C8.67,8.867,5.647,7.234,3.623,4.751C3.27,5.357,3.067,6.062,3.067,6.814 c0,1.424,0.724,2.679,1.825,3.415c-0.673-0.021-1.305-0.206-1.859-0.513c0,0.017,0,0.034,0,0.052c0,1.988,1.414,3.647,3.292,4.023 c-0.344,0.094-0.707,0.144-1.081,0.144c-0.264,0-0.521-0.026-0.772-0.074c0.522,1.63,2.038,2.816,3.833,2.85 c-1.404,1.1-3.174,1.756-5.096,1.756c-0.331,0-0.658-0.019-0.979-0.057c1.816,1.164,3.973,1.843,6.29,1.843 c7.547,0,11.675-6.252,11.675-11.675c0-0.178-0.004-0.355-0.012-0.531C20.985,7.47,21.68,6.747,22.23,5.924z\"><\/path><\/svg><span class=\"wp-block-social-link-label screen-reader-text\">Twitter<\/span><\/a><\/li>\n\n<li style=\"color: #abb8c3; \" class=\"wp-social-link wp-social-link-instagram has-cyan-bluish-gray-color wp-block-social-link\"><a rel=\"noopener nofollow\" target=\"_blank\" href=\"https:\/\/www.instagram.com\/sigint.hr\/\" class=\"wp-block-social-link-anchor\"><svg width=\"24\" height=\"24\" viewbox=\"0 0 24 24\" version=\"1.1\" xmlns=\"http:\/\/www.w3.org\/2000\/svg\" aria-hidden=\"true\" focusable=\"false\"><path d=\"M12,4.622c2.403,0,2.688,0.009,3.637,0.052c0.877,0.04,1.354,0.187,1.671,0.31c0.42,0.163,0.72,0.358,1.035,0.673 c0.315,0.315,0.51,0.615,0.673,1.035c0.123,0.317,0.27,0.794,0.31,1.671c0.043,0.949,0.052,1.234,0.052,3.637 s-0.009,2.688-0.052,3.637c-0.04,0.877-0.187,1.354-0.31,1.671c-0.163,0.42-0.358,0.72-0.673,1.035 c-0.315,0.315-0.615,0.51-1.035,0.673c-0.317,0.123-0.794,0.27-1.671,0.31c-0.949,0.043-1.233,0.052-3.637,0.052 s-2.688-0.009-3.637-0.052c-0.877-0.04-1.354-0.187-1.671-0.31c-0.42-0.163-0.72-0.358-1.035-0.673 c-0.315-0.315-0.51-0.615-0.673-1.035c-0.123-0.317-0.27-0.794-0.31-1.671C4.631,14.688,4.622,14.403,4.622,12 s0.009-2.688,0.052-3.637c0.04-0.877,0.187-1.354,0.31-1.671c0.163-0.42,0.358-0.72,0.673-1.035 c0.315-0.315,0.615-0.51,1.035-0.673c0.317-0.123,0.794-0.27,1.671-0.31C9.312,4.631,9.597,4.622,12,4.622 M12,3 C9.556,3,9.249,3.01,8.289,3.054C7.331,3.098,6.677,3.25,6.105,3.472C5.513,3.702,5.011,4.01,4.511,4.511 c-0.5,0.5-0.808,1.002-1.038,1.594C3.25,6.677,3.098,7.331,3.054,8.289C3.01,9.249,3,9.556,3,12c0,2.444,0.01,2.751,0.054,3.711 c0.044,0.958,0.196,1.612,0.418,2.185c0.23,0.592,0.538,1.094,1.038,1.594c0.5,0.5,1.002,0.808,1.594,1.038 c0.572,0.222,1.227,0.375,2.185,0.418C9.249,20.99,9.556,21,12,21s2.751-0.01,3.711-0.054c0.958-0.044,1.612-0.196,2.185-0.418 c0.592-0.23,1.094-0.538,1.594-1.038c0.5-0.5,0.808-1.002,1.038-1.594c0.222-0.572,0.375-1.227,0.418-2.185 C20.99,14.751,21,14.444,21,12s-0.01-2.751-0.054-3.711c-0.044-0.958-0.196-1.612-0.418-2.185c-0.23-0.592-0.538-1.094-1.038-1.594 c-0.5-0.5-1.002-0.808-1.594-1.038c-0.572-0.222-1.227-0.375-2.185-0.418C14.751,3.01,14.444,3,12,3L12,3z M12,7.378 c-2.552,0-4.622,2.069-4.622,4.622S9.448,16.622,12,16.622s4.622-2.069,4.622-4.622S14.552,7.378,12,7.378z M12,15 c-1.657,0-3-1.343-3-3s1.343-3,3-3s3,1.343,3,3S13.657,15,12,15z M16.804,6.116c-0.596,0-1.08,0.484-1.08,1.08 s0.484,1.08,1.08,1.08c0.596,0,1.08-0.484,1.08-1.08S17.401,6.116,16.804,6.116z\"><\/path><\/svg><span class=\"wp-block-social-link-label screen-reader-text\">Instagram<\/span><\/a><\/li>\n\n<li style=\"color: #abb8c3; \" class=\"wp-social-link wp-social-link-youtube has-cyan-bluish-gray-color wp-block-social-link\"><a rel=\"noopener nofollow\" target=\"_blank\" href=\"https:\/\/www.youtube.com\/channel\/UCTbayLl_GkdJuYzo0hLU5ag\" class=\"wp-block-social-link-anchor\"><svg width=\"24\" height=\"24\" viewbox=\"0 0 24 24\" version=\"1.1\" xmlns=\"http:\/\/www.w3.org\/2000\/svg\" aria-hidden=\"true\" focusable=\"false\"><path d=\"M21.8,8.001c0,0-0.195-1.378-0.795-1.985c-0.76-0.797-1.613-0.801-2.004-0.847c-2.799-0.202-6.997-0.202-6.997-0.202 h-0.009c0,0-4.198,0-6.997,0.202C4.608,5.216,3.756,5.22,2.995,6.016C2.395,6.623,2.2,8.001,2.2,8.001S2,9.62,2,11.238v1.517 c0,1.618,0.2,3.237,0.2,3.237s0.195,1.378,0.795,1.985c0.761,0.797,1.76,0.771,2.205,0.855c1.6,0.153,6.8,0.201,6.8,0.201 s4.203-0.006,7.001-0.209c0.391-0.047,1.243-0.051,2.004-0.847c0.6-0.607,0.795-1.985,0.795-1.985s0.2-1.618,0.2-3.237v-1.517 C22,9.62,21.8,8.001,21.8,8.001z M9.935,14.594l-0.001-5.62l5.404,2.82L9.935,14.594z\"><\/path><\/svg><span class=\"wp-block-social-link-label screen-reader-text\">YouTube<\/span><\/a><\/li>\n\n<li style=\"color: #abb8c3; \" class=\"wp-social-link wp-social-link-linkedin has-cyan-bluish-gray-color wp-block-social-link\"><a rel=\"noopener nofollow\" target=\"_blank\" href=\"https:\/\/www.linkedin.com\/company\/sigint-hr\" class=\"wp-block-social-link-anchor\"><svg width=\"24\" height=\"24\" viewbox=\"0 0 24 24\" version=\"1.1\" xmlns=\"http:\/\/www.w3.org\/2000\/svg\" aria-hidden=\"true\" focusable=\"false\"><path d=\"M19.7,3H4.3C3.582,3,3,3.582,3,4.3v15.4C3,20.418,3.582,21,4.3,21h15.4c0.718,0,1.3-0.582,1.3-1.3V4.3 C21,3.582,20.418,3,19.7,3z M8.339,18.338H5.667v-8.59h2.672V18.338z M7.004,8.574c-0.857,0-1.549-0.694-1.549-1.548 c0-0.855,0.691-1.548,1.549-1.548c0.854,0,1.547,0.694,1.547,1.548C8.551,7.881,7.858,8.574,7.004,8.574z M18.339,18.338h-2.669 v-4.177c0-0.996-0.017-2.278-1.387-2.278c-1.389,0-1.601,1.086-1.601,2.206v4.249h-2.667v-8.59h2.559v1.174h0.037 c0.356-0.675,1.227-1.387,2.526-1.387c2.703,0,3.203,1.779,3.203,4.092V18.338z\"><\/path><\/svg><span class=\"wp-block-social-link-label screen-reader-text\">LinkedIn<\/span><\/a><\/li><\/ul>\n<\/div>\n<\/div>\n\n\n\n<p><\/p>","protected":false},"excerpt":{"rendered":"<p>PGP javni klju\u010d za \u0161ifriranje e-po\u0161te Signal Messenger Kontakt Osnovni podaci o tvrtci PUNI NAZIVSIGNAL INTELLIGENCE d.o.o. za usluge SKRA\u0106ENI NAZIVSIGNAL INTELLIGENCE d.o.o.. SJEDI\u0160TE I ADRESAR. Bo\u0161kovi\u0107a 12, Split PRAVNI OBLIKDru\u0161tvo s ograni\u010denom odgovorno\u0161\u0107u (d. o. o.) PRETE\u017dITA DJELATNOST74.90 Ostale stru\u010dne, znanstvene i tehni\u010dke djelatnosti, d. n. MATI\u010cNI BROJ SUBJEKTA (MBS)060433008 OIB74067856680 VAT IDHR74067856680 EUIDHRSR.060433008 [&hellip;]<\/p>\n","protected":false},"author":1,"featured_media":801,"parent":0,"menu_order":0,"comment_status":"closed","ping_status":"closed","template":"","meta":{"footnotes":""},"class_list":["post-52","page","type-page","status-publish","has-post-thumbnail","hentry"],"yoast_head":"<!-- This site is optimized with the Yoast SEO plugin v27.5 - https:\/\/yoast.com\/product\/yoast-seo-wordpress\/ -->\n<title>Kontakt - Signal Intelligence<\/title>\n<meta name=\"description\" content=\"korporativna sigurnost\" \/>\n<meta name=\"robots\" content=\"index, follow, max-snippet:-1, max-image-preview:large, max-video-preview:-1\" \/>\n<link rel=\"canonical\" href=\"https:\/\/sigint.hr\/en\/kontakt\/\" \/>\n<meta property=\"og:locale\" content=\"en_GB\" \/>\n<meta property=\"og:type\" content=\"article\" \/>\n<meta property=\"og:title\" content=\"Kontakt - Signal Intelligence\" \/>\n<meta property=\"og:description\" content=\"korporativna sigurnost\" \/>\n<meta property=\"og:url\" content=\"https:\/\/sigint.hr\/en\/kontakt\/\" \/>\n<meta property=\"og:site_name\" content=\"Signal Intelligence\" \/>\n<meta property=\"article:modified_time\" content=\"2026-03-13T17:31:31+00:00\" \/>\n<meta property=\"og:image\" content=\"https:\/\/sigint.hr\/wp-content\/uploads\/2021\/10\/how-to-send-encrypted-email-hero156346731937086.png\" \/>\n\t<meta property=\"og:image:width\" content=\"1000\" \/>\n\t<meta property=\"og:image:height\" content=\"450\" \/>\n\t<meta property=\"og:image:type\" content=\"image\/png\" \/>\n<meta name=\"twitter:card\" content=\"summary_large_image\" \/>\n<meta name=\"twitter:site\" content=\"@siginthr\" \/>\n<meta name=\"twitter:label1\" content=\"Estimated reading time\" \/>\n\t<meta name=\"twitter:data1\" content=\"1 minute\" \/>\n<script type=\"application\/ld+json\" class=\"yoast-schema-graph\">{\"@context\":\"https:\\\/\\\/schema.org\",\"@graph\":[{\"@type\":\"WebPage\",\"@id\":\"https:\\\/\\\/sigint.hr\\\/kontakt\\\/\",\"url\":\"https:\\\/\\\/sigint.hr\\\/kontakt\\\/\",\"name\":\"Kontakt - Signal Intelligence\",\"isPartOf\":{\"@id\":\"https:\\\/\\\/sigint.hr\\\/#website\"},\"primaryImageOfPage\":{\"@id\":\"https:\\\/\\\/sigint.hr\\\/kontakt\\\/#primaryimage\"},\"image\":{\"@id\":\"https:\\\/\\\/sigint.hr\\\/kontakt\\\/#primaryimage\"},\"thumbnailUrl\":\"https:\\\/\\\/sigint.hr\\\/wp-content\\\/uploads\\\/2021\\\/10\\\/how-to-send-encrypted-email-hero156346731937086.png\",\"datePublished\":\"2021-08-15T17:32:24+00:00\",\"dateModified\":\"2026-03-13T17:31:31+00:00\",\"description\":\"korporativna sigurnost\",\"breadcrumb\":{\"@id\":\"https:\\\/\\\/sigint.hr\\\/kontakt\\\/#breadcrumb\"},\"inLanguage\":\"en-GB\",\"potentialAction\":[{\"@type\":\"ReadAction\",\"target\":[\"https:\\\/\\\/sigint.hr\\\/kontakt\\\/\"]}]},{\"@type\":\"ImageObject\",\"inLanguage\":\"en-GB\",\"@id\":\"https:\\\/\\\/sigint.hr\\\/kontakt\\\/#primaryimage\",\"url\":\"https:\\\/\\\/sigint.hr\\\/wp-content\\\/uploads\\\/2021\\\/10\\\/how-to-send-encrypted-email-hero156346731937086.png\",\"contentUrl\":\"https:\\\/\\\/sigint.hr\\\/wp-content\\\/uploads\\\/2021\\\/10\\\/how-to-send-encrypted-email-hero156346731937086.png\",\"width\":1000,\"height\":450},{\"@type\":\"BreadcrumbList\",\"@id\":\"https:\\\/\\\/sigint.hr\\\/kontakt\\\/#breadcrumb\",\"itemListElement\":[{\"@type\":\"ListItem\",\"position\":1,\"name\":\"Po\u010detna stranica\",\"item\":\"https:\\\/\\\/sigint.hr\\\/\"},{\"@type\":\"ListItem\",\"position\":2,\"name\":\"Kontakt\"}]},{\"@type\":\"WebSite\",\"@id\":\"https:\\\/\\\/sigint.hr\\\/#website\",\"url\":\"https:\\\/\\\/sigint.hr\\\/\",\"name\":\"Signal Intelligence\",\"description\":\"Posebne mjere tehni\u010dke za\u0161tite\",\"publisher\":{\"@id\":\"https:\\\/\\\/sigint.hr\\\/#organization\"},\"potentialAction\":[{\"@type\":\"SearchAction\",\"target\":{\"@type\":\"EntryPoint\",\"urlTemplate\":\"https:\\\/\\\/sigint.hr\\\/?s={search_term_string}\"},\"query-input\":{\"@type\":\"PropertyValueSpecification\",\"valueRequired\":true,\"valueName\":\"search_term_string\"}}],\"inLanguage\":\"en-GB\"},{\"@type\":\"Organization\",\"@id\":\"https:\\\/\\\/sigint.hr\\\/#organization\",\"name\":\"Signal Intelligence\",\"alternateName\":\"SIGINT\",\"url\":\"https:\\\/\\\/sigint.hr\\\/\",\"logo\":{\"@type\":\"ImageObject\",\"inLanguage\":\"en-GB\",\"@id\":\"https:\\\/\\\/sigint.hr\\\/#\\\/schema\\\/logo\\\/image\\\/\",\"url\":\"https:\\\/\\\/sigint.hr\\\/wp-content\\\/uploads\\\/2024\\\/05\\\/SIGINT.png\",\"contentUrl\":\"https:\\\/\\\/sigint.hr\\\/wp-content\\\/uploads\\\/2024\\\/05\\\/SIGINT.png\",\"width\":4411,\"height\":4451,\"caption\":\"Signal Intelligence\"},\"image\":{\"@id\":\"https:\\\/\\\/sigint.hr\\\/#\\\/schema\\\/logo\\\/image\\\/\"},\"sameAs\":[\"https:\\\/\\\/x.com\\\/siginthr\",\"https:\\\/\\\/www.instagram.com\\\/sigint.hr\\\/\",\"https:\\\/\\\/www.youtube.com\\\/channel\\\/UCTbayLl_GkdJuYzo0hLU5ag\"]}]}<\/script>\n<!-- \/ Yoast SEO plugin. -->","yoast_head_json":{"title":"Kontakt - Signal Intelligence","description":"korporativna sigurnost","robots":{"index":"index","follow":"follow","max-snippet":"max-snippet:-1","max-image-preview":"max-image-preview:large","max-video-preview":"max-video-preview:-1"},"canonical":"https:\/\/sigint.hr\/en\/kontakt\/","og_locale":"en_GB","og_type":"article","og_title":"Kontakt - Signal Intelligence","og_description":"korporativna sigurnost","og_url":"https:\/\/sigint.hr\/en\/kontakt\/","og_site_name":"Signal Intelligence","article_modified_time":"2026-03-13T17:31:31+00:00","og_image":[{"width":1000,"height":450,"url":"https:\/\/sigint.hr\/wp-content\/uploads\/2021\/10\/how-to-send-encrypted-email-hero156346731937086.png","type":"image\/png"}],"twitter_card":"summary_large_image","twitter_site":"@siginthr","twitter_misc":{"Estimated reading time":"1 minute"},"schema":{"@context":"https:\/\/schema.org","@graph":[{"@type":"WebPage","@id":"https:\/\/sigint.hr\/kontakt\/","url":"https:\/\/sigint.hr\/kontakt\/","name":"Kontakt - Signal Intelligence","isPartOf":{"@id":"https:\/\/sigint.hr\/#website"},"primaryImageOfPage":{"@id":"https:\/\/sigint.hr\/kontakt\/#primaryimage"},"image":{"@id":"https:\/\/sigint.hr\/kontakt\/#primaryimage"},"thumbnailUrl":"https:\/\/sigint.hr\/wp-content\/uploads\/2021\/10\/how-to-send-encrypted-email-hero156346731937086.png","datePublished":"2021-08-15T17:32:24+00:00","dateModified":"2026-03-13T17:31:31+00:00","description":"korporativna sigurnost","breadcrumb":{"@id":"https:\/\/sigint.hr\/kontakt\/#breadcrumb"},"inLanguage":"en-GB","potentialAction":[{"@type":"ReadAction","target":["https:\/\/sigint.hr\/kontakt\/"]}]},{"@type":"ImageObject","inLanguage":"en-GB","@id":"https:\/\/sigint.hr\/kontakt\/#primaryimage","url":"https:\/\/sigint.hr\/wp-content\/uploads\/2021\/10\/how-to-send-encrypted-email-hero156346731937086.png","contentUrl":"https:\/\/sigint.hr\/wp-content\/uploads\/2021\/10\/how-to-send-encrypted-email-hero156346731937086.png","width":1000,"height":450},{"@type":"BreadcrumbList","@id":"https:\/\/sigint.hr\/kontakt\/#breadcrumb","itemListElement":[{"@type":"ListItem","position":1,"name":"Po\u010detna stranica","item":"https:\/\/sigint.hr\/"},{"@type":"ListItem","position":2,"name":"Kontakt"}]},{"@type":"WebSite","@id":"https:\/\/sigint.hr\/#website","url":"https:\/\/sigint.hr\/","name":"Signal Intelligence","description":"Technical Surveillance Counter Measures","publisher":{"@id":"https:\/\/sigint.hr\/#organization"},"potentialAction":[{"@type":"SearchAction","target":{"@type":"EntryPoint","urlTemplate":"https:\/\/sigint.hr\/?s={search_term_string}"},"query-input":{"@type":"PropertyValueSpecification","valueRequired":true,"valueName":"search_term_string"}}],"inLanguage":"en-GB"},{"@type":"Organization","@id":"https:\/\/sigint.hr\/#organization","name":"Signal Intelligence","alternateName":"SIGINT","url":"https:\/\/sigint.hr\/","logo":{"@type":"ImageObject","inLanguage":"en-GB","@id":"https:\/\/sigint.hr\/#\/schema\/logo\/image\/","url":"https:\/\/sigint.hr\/wp-content\/uploads\/2024\/05\/SIGINT.png","contentUrl":"https:\/\/sigint.hr\/wp-content\/uploads\/2024\/05\/SIGINT.png","width":4411,"height":4451,"caption":"Signal Intelligence"},"image":{"@id":"https:\/\/sigint.hr\/#\/schema\/logo\/image\/"},"sameAs":["https:\/\/x.com\/siginthr","https:\/\/www.instagram.com\/sigint.hr\/","https:\/\/www.youtube.com\/channel\/UCTbayLl_GkdJuYzo0hLU5ag"]}]}},"_links":{"self":[{"href":"https:\/\/sigint.hr\/en\/wp-json\/wp\/v2\/pages\/52","targetHints":{"allow":["GET"]}}],"collection":[{"href":"https:\/\/sigint.hr\/en\/wp-json\/wp\/v2\/pages"}],"about":[{"href":"https:\/\/sigint.hr\/en\/wp-json\/wp\/v2\/types\/page"}],"author":[{"embeddable":true,"href":"https:\/\/sigint.hr\/en\/wp-json\/wp\/v2\/users\/1"}],"replies":[{"embeddable":true,"href":"https:\/\/sigint.hr\/en\/wp-json\/wp\/v2\/comments?post=52"}],"version-history":[{"count":52,"href":"https:\/\/sigint.hr\/en\/wp-json\/wp\/v2\/pages\/52\/revisions"}],"predecessor-version":[{"id":2974,"href":"https:\/\/sigint.hr\/en\/wp-json\/wp\/v2\/pages\/52\/revisions\/2974"}],"wp:featuredmedia":[{"embeddable":true,"href":"https:\/\/sigint.hr\/en\/wp-json\/wp\/v2\/media\/801"}],"wp:attachment":[{"href":"https:\/\/sigint.hr\/en\/wp-json\/wp\/v2\/media?parent=52"}],"curies":[{"name":"wp","href":"https:\/\/api.w.org\/{rel}","templated":true}]}}