{"id":43,"date":"2021-08-15T19:30:05","date_gmt":"2021-08-15T17:30:05","guid":{"rendered":"https:\/\/sigint.hr\/\/?page_id=43"},"modified":"2026-03-25T11:13:27","modified_gmt":"2026-03-25T10:13:27","slug":"oprema-i-standardi","status":"publish","type":"page","link":"https:\/\/sigint.hr\/en\/oprema-i-standardi\/","title":{"rendered":"Equipment"},"content":{"rendered":"<h2 class=\"wp-block-heading\" id=\"koristimo-najsuvremeniju-tehnologiju\">We are using the state-of-the-art counterintelligence equipment<\/h2>\n\n\n\n<p class=\"has-text-align-left\">For more than 40 years, <strong>Research Electronics International (REI)<\/strong> For more than 40 years, Research Electronics International (REI) has focused on protecting the corporative data by designing and producing technical security equipment used for protection against technical surveillance and industrial espionage. Numerous governmental and law enforcement agencies recognize REI as the industry leader in the production of the equipement for Technical Surveillance Countermeasures. Even the most skilled TSCM operative will not be able to detect the very latest high spec devices if their equipment is inadequate. The combination of knowledge, experience and state of the art equipment is the main precondition for professional and discreet service. <\/p>\n\n\n\n<div style=\"height:40px\" aria-hidden=\"true\" class=\"wp-block-spacer\"><\/div>\n\n\n\n<div class=\"wp-block-media-text alignwide is-stacked-on-mobile is-vertically-aligned-center\" style=\"grid-template-columns:55% auto\"><figure class=\"wp-block-media-text__media\"><img loading=\"lazy\" decoding=\"async\" width=\"205\" height=\"300\" src=\"https:\/\/sigint.hr\/wp-content\/uploads\/2021\/08\/OSCORBlue_transp-205x300.png\" alt=\"\" class=\"wp-image-179 size-medium\" srcset=\"https:\/\/sigint.hr\/wp-content\/uploads\/2021\/08\/OSCORBlue_transp-205x300.png 205w, https:\/\/sigint.hr\/wp-content\/uploads\/2021\/08\/OSCORBlue_transp.png 699w\" sizes=\"auto, (max-width: 205px) 100vw, 205px\" \/><\/figure><div class=\"wp-block-media-text__content\">\n<h2 class=\"wp-block-heading\" id=\"analizator-spektra-oscor-blue-24ghz\">OSCOR\u00ae BLUE 24GHz SPECTRUM ANALYZER<\/h2>\n\n\n\n<p>OSCOR\u00ae Blue Spectrum Analyzer  sweeps 24 GHz in 1 second and immediately detect unknown and illegal transmissions across a wide frequency range. The procedure is that quick because the device uses the most advanced technologies and unique broadband system of integrated antennas. <\/p>\n\n\n\n<p>Traditional spectrum analyzers analyze specific, known signals; with TSCM spectrum analyzers sweep the RF spectrum for unknown, and often disguised, signals. <\/p>\n\n\n\n<p>Reference and target traces are quickly captured, stored, and compared for complete RF mapping solution.<\/p>\n<\/div><\/div>\n\n\n\n<div style=\"height:40px\" aria-hidden=\"true\" class=\"wp-block-spacer\"><\/div>\n\n\n\n<div class=\"wp-block-media-text alignwide has-media-on-the-right is-stacked-on-mobile is-vertically-aligned-center is-image-fill-element\" style=\"grid-template-columns:auto 55%\"><div class=\"wp-block-media-text__content\">\n<h2 class=\"wp-block-heading\" id=\"detektor-nelinearnih-spojeva-orion-2-4-hx-nljd\">ORION\u00ae 2.4 HX NON-LINEAR JUNCTION DETECTOR<\/h2>\n\n\n\n<p class=\"has-text-align-left\">The ORION 2.4 HX Non-Linear Junction Detector (NLJD) detects electronic semi-conductor components in walls, floors, ceilings, fixtures, furniture, containers, or other surfaces. The ORION 2.4 HX NLJD is made to detect and locate hidden cameras, microphones, and other electronic devices regardless of whether the surveillance device is radiating, hard wired, or turned off.<\/p>\n<\/div><figure class=\"wp-block-media-text__media\"><img loading=\"lazy\" decoding=\"async\" width=\"1000\" height=\"1000\" src=\"https:\/\/sigint.hr\/wp-content\/uploads\/2021\/12\/nlj.png\" alt=\"\" class=\"wp-image-990 size-full\" style=\"object-position:60% 49%\" srcset=\"https:\/\/sigint.hr\/wp-content\/uploads\/2021\/12\/nlj.png 1000w, https:\/\/sigint.hr\/wp-content\/uploads\/2021\/12\/nlj-300x300.png 300w, https:\/\/sigint.hr\/wp-content\/uploads\/2021\/12\/nlj-150x150.png 150w, https:\/\/sigint.hr\/wp-content\/uploads\/2021\/12\/nlj-768x768.png 768w, https:\/\/sigint.hr\/wp-content\/uploads\/2021\/12\/nlj-12x12.png 12w\" sizes=\"auto, (max-width: 1000px) 100vw, 1000px\" \/><\/figure><\/div>\n\n\n\n<div style=\"height:40px\" aria-hidden=\"true\" class=\"wp-block-spacer\"><\/div>\n\n\n\n<div class=\"wp-block-media-text alignwide is-stacked-on-mobile is-vertically-aligned-center is-image-fill-element\" style=\"grid-template-columns:55% auto\"><figure class=\"wp-block-media-text__media\"><img loading=\"lazy\" decoding=\"async\" width=\"1148\" height=\"766\" src=\"https:\/\/sigint.hr\/\/wp-content\/uploads\/2021\/08\/Slika-2.png\" alt=\"\" class=\"wp-image-71 size-full\" style=\"object-position:73% 60%\"\/><\/figure><div class=\"wp-block-media-text__content\">\n<h2 class=\"wp-block-heading\" id=\"rucni-sirokopojasni-prijamnik-andre\">ANDRE\u00aeNEAR-FIELD DETECTION RECEIVER<\/h2>\n\n\n\n<p>The ANDRE is a handheld broadband receiver that quickly and discretely detects known, unknown, illegal, disruptive, or interfering transmissions. The ANDRE locates nearby RF, infrared, visible light, carrier current, and other types of transmitters. The ANDRE features a signal strength histogram displaying RF levels over user-selected time intervals ranging from 5 seconds to 24 hours. The adjustable trigger level provides audio, haptic, and visual alerts when RF levels exceed the threshold. The frequency counter generates a list of signals that exceed the trigger level. <\/p>\n<\/div><\/div>\n\n\n\n<div style=\"height:40px\" aria-hidden=\"true\" class=\"wp-block-spacer\"><\/div>\n\n\n\n<div class=\"wp-block-media-text alignwide has-media-on-the-right is-stacked-on-mobile is-image-fill-element\"><div class=\"wp-block-media-text__content\">\n<h2 class=\"wp-block-heading\">WIRE LINE ANALYZER<\/h2>\n\n\n\n<p>When doing a counter surveillance investigation, it is important to analyze all of the wiring in the environment to ensure that building wiring is not being utilized to clandestine transmission audio or video information.<\/p>\n\n\n\n<p>OSCOR Multi-Purpose Probe enables the examination of signals and detection of microphones on power and low-current wire lines in 10 kHz\u2013150 MHz frequency range on any pair of conductors less than 250 volts.<\/p>\n\n\n\n<p>If the wiring is not under voltage, the CMA-100 provides the possibility of applying bias voltage. This feature is used for activating all kinds of microphones, depending on the voltage.<\/p>\n\n\n\n<p>The CMA-100 is a high gain audio amplifier that is used to detect and identify certain types of surveillance devices connected to building wiring including telephone wiring, LAN, Server systems, de energized AC power, leftover wiring that is no longer being used, etc.<\/p>\n\n\n\n<p>Furthermore, if there is video content on the wiring, the video synchronization pulses can be heard and identified through the CMA-100.<\/p>\n\n\n\n<p><\/p>\n\n\n\n<p><\/p>\n<\/div><figure class=\"wp-block-media-text__media\"><img loading=\"lazy\" decoding=\"async\" width=\"1024\" height=\"873\" src=\"https:\/\/sigint.hr\/wp-content\/uploads\/2021\/08\/CMA-100-e1647186180532-1024x873.jpg\" alt=\"\" class=\"wp-image-177 size-full\" style=\"object-position:57% 54%\" srcset=\"https:\/\/sigint.hr\/wp-content\/uploads\/2021\/08\/CMA-100-e1647186180532-1024x873.jpg 1024w, https:\/\/sigint.hr\/wp-content\/uploads\/2021\/08\/CMA-100-e1647186180532-300x256.jpg 300w, https:\/\/sigint.hr\/wp-content\/uploads\/2021\/08\/CMA-100-e1647186180532-768x655.jpg 768w, https:\/\/sigint.hr\/wp-content\/uploads\/2021\/08\/CMA-100-e1647186180532-14x12.jpg 14w, https:\/\/sigint.hr\/wp-content\/uploads\/2021\/08\/CMA-100-e1647186180532.jpg 1177w\" sizes=\"auto, (max-width: 1024px) 100vw, 1024px\" \/><\/figure><\/div>\n\n\n\n<div style=\"height:40px\" aria-hidden=\"true\" class=\"wp-block-spacer\"><\/div>\n\n\n\n<h2 class=\"wp-block-heading\">Wi-Fi NETWORK ANALYZER<\/h2>\n\n\n\n<p>Wi-Fi network analyzer enables the special examination wireless network for identification of unknown or illegal Wi-Fi devices and access points (including ad-hock mode) that could utilize as conduits to get information out of sensitive areas.<\/p>\n\n\n\n<p>Technical surveillance devices regularly utilize digital communication standards including Wi-Fi. These devices are commonly designed to collect data passively, and transmit on demand as infrequently as possible for short periods of time, and effectively hiding in plain sight among the large amount of legitimate signals.This greatly decreases the probability of detection and the effectiveness of conventional TSCM surveys.<\/p>\n\n\n\n<p>Wi-Fi network analyzer is able to cover any area which requires continuous 24\/7 Wi-Fi device monitoring and analysis, even if those devices are not connected the local area network.<\/p>\n\n\n<div class=\"wp-block-image is-resized\">\n<figure class=\"aligncenter size-full\"><img loading=\"lazy\" decoding=\"async\" width=\"560\" height=\"480\" src=\"https:\/\/sigint.hr\/wp-content\/uploads\/2024\/04\/wifi_Equipment.png\" alt=\"\" class=\"wp-image-2006\" srcset=\"https:\/\/sigint.hr\/wp-content\/uploads\/2024\/04\/wifi_Equipment.png 560w, https:\/\/sigint.hr\/wp-content\/uploads\/2024\/04\/wifi_Equipment-300x257.png 300w, https:\/\/sigint.hr\/wp-content\/uploads\/2024\/04\/wifi_Equipment-14x12.png 14w\" sizes=\"auto, (max-width: 560px) 100vw, 560px\" \/><\/figure><\/div>","protected":false},"excerpt":{"rendered":"<p>Koristimo najnapredniju protuobavje\u0161tajnu opremu Vi\u0161e od 40 godina, Research Electronics International (REI) usredoto\u010dio se na za\u0161titu korporativnih podataka dizajniranjem i proizvodnjom tehni\u010dke sigurnosne opreme za za\u0161titu od tehni\u010dkog nadzora i korporativne \u0161pijuna\u017ee. Brojne vladine agencije, te agencije za provedbu zakona, prepoznaju REI kao lidera u proizvodnji opreme za posebne mjere tehni\u010dke za\u0161tite. \u010cak ni najvje\u0161tiji [&hellip;]<\/p>\n","protected":false},"author":1,"featured_media":438,"parent":0,"menu_order":0,"comment_status":"closed","ping_status":"closed","template":"","meta":{"footnotes":""},"class_list":["post-43","page","type-page","status-publish","has-post-thumbnail","hentry"],"yoast_head":"<!-- This site is optimized with the Yoast SEO plugin v27.5 - https:\/\/yoast.com\/product\/yoast-seo-wordpress\/ -->\n<title>Oprema i standardi - Signal Intelligence<\/title>\n<meta name=\"description\" content=\"korporativna sigurnost\" \/>\n<meta name=\"robots\" content=\"index, follow, max-snippet:-1, max-image-preview:large, max-video-preview:-1\" \/>\n<link rel=\"canonical\" href=\"https:\/\/sigint.hr\/en\/oprema-i-standardi\/\" \/>\n<meta property=\"og:locale\" content=\"en_GB\" \/>\n<meta property=\"og:type\" content=\"article\" \/>\n<meta property=\"og:title\" content=\"Oprema i standardi - Signal Intelligence\" \/>\n<meta property=\"og:description\" content=\"korporativna sigurnost\" \/>\n<meta property=\"og:url\" content=\"https:\/\/sigint.hr\/en\/oprema-i-standardi\/\" \/>\n<meta property=\"og:site_name\" content=\"Signal Intelligence\" \/>\n<meta property=\"article:modified_time\" content=\"2026-03-25T10:13:27+00:00\" \/>\n<meta property=\"og:image\" content=\"https:\/\/sigint.hr\/wp-content\/uploads\/2021\/09\/Snap1.jpg\" \/>\n\t<meta property=\"og:image:width\" content=\"1648\" \/>\n\t<meta property=\"og:image:height\" content=\"914\" \/>\n\t<meta property=\"og:image:type\" content=\"image\/jpeg\" \/>\n<meta name=\"twitter:card\" content=\"summary_large_image\" \/>\n<meta name=\"twitter:site\" content=\"@siginthr\" \/>\n<meta name=\"twitter:label1\" content=\"Estimated reading time\" \/>\n\t<meta name=\"twitter:data1\" content=\"4 minutes\" \/>\n<script type=\"application\/ld+json\" class=\"yoast-schema-graph\">{\"@context\":\"https:\\\/\\\/schema.org\",\"@graph\":[{\"@type\":\"WebPage\",\"@id\":\"https:\\\/\\\/sigint.hr\\\/oprema-i-standardi\\\/\",\"url\":\"https:\\\/\\\/sigint.hr\\\/oprema-i-standardi\\\/\",\"name\":\"Oprema i standardi - Signal Intelligence\",\"isPartOf\":{\"@id\":\"https:\\\/\\\/sigint.hr\\\/#website\"},\"primaryImageOfPage\":{\"@id\":\"https:\\\/\\\/sigint.hr\\\/oprema-i-standardi\\\/#primaryimage\"},\"image\":{\"@id\":\"https:\\\/\\\/sigint.hr\\\/oprema-i-standardi\\\/#primaryimage\"},\"thumbnailUrl\":\"https:\\\/\\\/sigint.hr\\\/wp-content\\\/uploads\\\/2021\\\/09\\\/Snap1.jpg\",\"datePublished\":\"2021-08-15T17:30:05+00:00\",\"dateModified\":\"2026-03-25T10:13:27+00:00\",\"description\":\"korporativna sigurnost\",\"breadcrumb\":{\"@id\":\"https:\\\/\\\/sigint.hr\\\/oprema-i-standardi\\\/#breadcrumb\"},\"inLanguage\":\"en-GB\",\"potentialAction\":[{\"@type\":\"ReadAction\",\"target\":[\"https:\\\/\\\/sigint.hr\\\/oprema-i-standardi\\\/\"]}]},{\"@type\":\"ImageObject\",\"inLanguage\":\"en-GB\",\"@id\":\"https:\\\/\\\/sigint.hr\\\/oprema-i-standardi\\\/#primaryimage\",\"url\":\"https:\\\/\\\/sigint.hr\\\/wp-content\\\/uploads\\\/2021\\\/09\\\/Snap1.jpg\",\"contentUrl\":\"https:\\\/\\\/sigint.hr\\\/wp-content\\\/uploads\\\/2021\\\/09\\\/Snap1.jpg\",\"width\":1648,\"height\":914},{\"@type\":\"BreadcrumbList\",\"@id\":\"https:\\\/\\\/sigint.hr\\\/oprema-i-standardi\\\/#breadcrumb\",\"itemListElement\":[{\"@type\":\"ListItem\",\"position\":1,\"name\":\"Po\u010detna stranica\",\"item\":\"https:\\\/\\\/sigint.hr\\\/\"},{\"@type\":\"ListItem\",\"position\":2,\"name\":\"Oprema i standardi\"}]},{\"@type\":\"WebSite\",\"@id\":\"https:\\\/\\\/sigint.hr\\\/#website\",\"url\":\"https:\\\/\\\/sigint.hr\\\/\",\"name\":\"Signal Intelligence\",\"description\":\"Posebne mjere tehni\u010dke za\u0161tite\",\"publisher\":{\"@id\":\"https:\\\/\\\/sigint.hr\\\/#organization\"},\"potentialAction\":[{\"@type\":\"SearchAction\",\"target\":{\"@type\":\"EntryPoint\",\"urlTemplate\":\"https:\\\/\\\/sigint.hr\\\/?s={search_term_string}\"},\"query-input\":{\"@type\":\"PropertyValueSpecification\",\"valueRequired\":true,\"valueName\":\"search_term_string\"}}],\"inLanguage\":\"en-GB\"},{\"@type\":\"Organization\",\"@id\":\"https:\\\/\\\/sigint.hr\\\/#organization\",\"name\":\"Signal Intelligence\",\"alternateName\":\"SIGINT\",\"url\":\"https:\\\/\\\/sigint.hr\\\/\",\"logo\":{\"@type\":\"ImageObject\",\"inLanguage\":\"en-GB\",\"@id\":\"https:\\\/\\\/sigint.hr\\\/#\\\/schema\\\/logo\\\/image\\\/\",\"url\":\"https:\\\/\\\/sigint.hr\\\/wp-content\\\/uploads\\\/2024\\\/05\\\/SIGINT.png\",\"contentUrl\":\"https:\\\/\\\/sigint.hr\\\/wp-content\\\/uploads\\\/2024\\\/05\\\/SIGINT.png\",\"width\":4411,\"height\":4451,\"caption\":\"Signal Intelligence\"},\"image\":{\"@id\":\"https:\\\/\\\/sigint.hr\\\/#\\\/schema\\\/logo\\\/image\\\/\"},\"sameAs\":[\"https:\\\/\\\/x.com\\\/siginthr\",\"https:\\\/\\\/www.instagram.com\\\/sigint.hr\\\/\",\"https:\\\/\\\/www.youtube.com\\\/channel\\\/UCTbayLl_GkdJuYzo0hLU5ag\"]}]}<\/script>\n<!-- \/ Yoast SEO plugin. -->","yoast_head_json":{"title":"Oprema i standardi - Signal Intelligence","description":"korporativna sigurnost","robots":{"index":"index","follow":"follow","max-snippet":"max-snippet:-1","max-image-preview":"max-image-preview:large","max-video-preview":"max-video-preview:-1"},"canonical":"https:\/\/sigint.hr\/en\/oprema-i-standardi\/","og_locale":"en_GB","og_type":"article","og_title":"Oprema i standardi - Signal Intelligence","og_description":"korporativna sigurnost","og_url":"https:\/\/sigint.hr\/en\/oprema-i-standardi\/","og_site_name":"Signal Intelligence","article_modified_time":"2026-03-25T10:13:27+00:00","og_image":[{"width":1648,"height":914,"url":"https:\/\/sigint.hr\/wp-content\/uploads\/2021\/09\/Snap1.jpg","type":"image\/jpeg"}],"twitter_card":"summary_large_image","twitter_site":"@siginthr","twitter_misc":{"Estimated reading time":"4 minutes"},"schema":{"@context":"https:\/\/schema.org","@graph":[{"@type":"WebPage","@id":"https:\/\/sigint.hr\/oprema-i-standardi\/","url":"https:\/\/sigint.hr\/oprema-i-standardi\/","name":"Oprema i standardi - Signal Intelligence","isPartOf":{"@id":"https:\/\/sigint.hr\/#website"},"primaryImageOfPage":{"@id":"https:\/\/sigint.hr\/oprema-i-standardi\/#primaryimage"},"image":{"@id":"https:\/\/sigint.hr\/oprema-i-standardi\/#primaryimage"},"thumbnailUrl":"https:\/\/sigint.hr\/wp-content\/uploads\/2021\/09\/Snap1.jpg","datePublished":"2021-08-15T17:30:05+00:00","dateModified":"2026-03-25T10:13:27+00:00","description":"korporativna sigurnost","breadcrumb":{"@id":"https:\/\/sigint.hr\/oprema-i-standardi\/#breadcrumb"},"inLanguage":"en-GB","potentialAction":[{"@type":"ReadAction","target":["https:\/\/sigint.hr\/oprema-i-standardi\/"]}]},{"@type":"ImageObject","inLanguage":"en-GB","@id":"https:\/\/sigint.hr\/oprema-i-standardi\/#primaryimage","url":"https:\/\/sigint.hr\/wp-content\/uploads\/2021\/09\/Snap1.jpg","contentUrl":"https:\/\/sigint.hr\/wp-content\/uploads\/2021\/09\/Snap1.jpg","width":1648,"height":914},{"@type":"BreadcrumbList","@id":"https:\/\/sigint.hr\/oprema-i-standardi\/#breadcrumb","itemListElement":[{"@type":"ListItem","position":1,"name":"Po\u010detna stranica","item":"https:\/\/sigint.hr\/"},{"@type":"ListItem","position":2,"name":"Oprema i standardi"}]},{"@type":"WebSite","@id":"https:\/\/sigint.hr\/#website","url":"https:\/\/sigint.hr\/","name":"Signal Intelligence","description":"Technical Surveillance Counter Measures","publisher":{"@id":"https:\/\/sigint.hr\/#organization"},"potentialAction":[{"@type":"SearchAction","target":{"@type":"EntryPoint","urlTemplate":"https:\/\/sigint.hr\/?s={search_term_string}"},"query-input":{"@type":"PropertyValueSpecification","valueRequired":true,"valueName":"search_term_string"}}],"inLanguage":"en-GB"},{"@type":"Organization","@id":"https:\/\/sigint.hr\/#organization","name":"Signal Intelligence","alternateName":"SIGINT","url":"https:\/\/sigint.hr\/","logo":{"@type":"ImageObject","inLanguage":"en-GB","@id":"https:\/\/sigint.hr\/#\/schema\/logo\/image\/","url":"https:\/\/sigint.hr\/wp-content\/uploads\/2024\/05\/SIGINT.png","contentUrl":"https:\/\/sigint.hr\/wp-content\/uploads\/2024\/05\/SIGINT.png","width":4411,"height":4451,"caption":"Signal Intelligence"},"image":{"@id":"https:\/\/sigint.hr\/#\/schema\/logo\/image\/"},"sameAs":["https:\/\/x.com\/siginthr","https:\/\/www.instagram.com\/sigint.hr\/","https:\/\/www.youtube.com\/channel\/UCTbayLl_GkdJuYzo0hLU5ag"]}]}},"_links":{"self":[{"href":"https:\/\/sigint.hr\/en\/wp-json\/wp\/v2\/pages\/43","targetHints":{"allow":["GET"]}}],"collection":[{"href":"https:\/\/sigint.hr\/en\/wp-json\/wp\/v2\/pages"}],"about":[{"href":"https:\/\/sigint.hr\/en\/wp-json\/wp\/v2\/types\/page"}],"author":[{"embeddable":true,"href":"https:\/\/sigint.hr\/en\/wp-json\/wp\/v2\/users\/1"}],"replies":[{"embeddable":true,"href":"https:\/\/sigint.hr\/en\/wp-json\/wp\/v2\/comments?post=43"}],"version-history":[{"count":89,"href":"https:\/\/sigint.hr\/en\/wp-json\/wp\/v2\/pages\/43\/revisions"}],"predecessor-version":[{"id":2982,"href":"https:\/\/sigint.hr\/en\/wp-json\/wp\/v2\/pages\/43\/revisions\/2982"}],"wp:featuredmedia":[{"embeddable":true,"href":"https:\/\/sigint.hr\/en\/wp-json\/wp\/v2\/media\/438"}],"wp:attachment":[{"href":"https:\/\/sigint.hr\/en\/wp-json\/wp\/v2\/media?parent=43"}],"curies":[{"name":"wp","href":"https:\/\/api.w.org\/{rel}","templated":true}]}}