{"id":2484,"date":"2024-09-21T15:06:52","date_gmt":"2024-09-21T13:06:52","guid":{"rendered":"https:\/\/sigint.hr\/?page_id=2484"},"modified":"2025-11-18T15:46:36","modified_gmt":"2025-11-18T14:46:36","slug":"digitalna-forenzika","status":"publish","type":"page","link":"https:\/\/sigint.hr\/en\/digitalna-forenzika\/","title":{"rendered":"Digital Forensics"},"content":{"rendered":"<figure class=\"wp-block-image size-full\"><img loading=\"lazy\" decoding=\"async\" width=\"937\" height=\"281\" src=\"https:\/\/sigint.hr\/wp-content\/uploads\/2024\/12\/oxygen-forensic_detective.png\" alt=\"\" class=\"wp-image-2664\" srcset=\"https:\/\/sigint.hr\/wp-content\/uploads\/2024\/12\/oxygen-forensic_detective.png 937w, https:\/\/sigint.hr\/wp-content\/uploads\/2024\/12\/oxygen-forensic_detective-300x90.png 300w, https:\/\/sigint.hr\/wp-content\/uploads\/2024\/12\/oxygen-forensic_detective-768x230.png 768w, https:\/\/sigint.hr\/wp-content\/uploads\/2024\/12\/oxygen-forensic_detective-18x5.png 18w\" sizes=\"auto, (max-width: 937px) 100vw, 937px\" \/><\/figure>\n\n\n\n<p>Mobile device forensics as one of the branches of digital forensics has become indispensable in corporate inquiries because mobile phones usually represent crucial and only irrefutable proofs of some activity, abuse or a felony.<\/p>\n\n\n\n<p><a href=\"https:\/\/www.oxygenforensics.com\/en\/resources\/sigint-customer-story\/\" target=\"_blank\" rel=\"noreferrer noopener\">Oxygen Forensic\u00ae Detective<\/a> is a comprehensive forensics software used for extraction and analysis of mobile devices\u2019 data, their backups, Cloud services, drones\u2019 activities and phone call data. Oxygen Forensic\u00ae Detective is also able to find and extract a range of artifacts, system files as well as credentials from Windows, macOS and Linux systems.<\/p>\n\n\n\n<p>A built-in <a href=\"https:\/\/youtu.be\/v_X21npILLQ?si=fwG4OGGtHtnrrc08\" target=\"_blank\" rel=\"noreferrer noopener\">malware detection module<\/a> help identify mobile devices that have been compromised by malicious software. Corporate investigators have utilized this tool to detect security breaches, protecting sensitive data and organizational integrity.<\/p>\n\n\n\n<p>Among the clients of the company Oxygen Forensics you can find numerous American and European governmental agencies as well as law enforcement agencies like Federal Bureau of Investigation (FBI), US Army, Department of Homeland Security, European Commission, London Metropolitan Police, French National Police and Gendarmerie, German Federal Criminal Police (BKA) and many other.<\/p>","protected":false},"excerpt":{"rendered":"<p>Forenzika mobilnih ure\u0111aja, kao jedna od grana digitalne forenzike, postala je nezaobilazna u korporativnim istragama zbog toga \u0161to podaci iz mobilnih ure\u0111aja \u010desto predstavljaju klju\u010dne i jedine neoborive dokaze odre\u0111ene aktivnosti, zlouporabe ili kaznenog djela. Oxygen Forensic\u00ae Detective je sveobuhvatni forenzi\u010dki softver za ekstrakciju i analizu podataka s mobilnih ure\u0111aja, njihovih sigurnosnih kopija, Cloud usluga, [&hellip;]<\/p>\n","protected":false},"author":1,"featured_media":2494,"parent":0,"menu_order":0,"comment_status":"closed","ping_status":"closed","template":"","meta":{"footnotes":""},"class_list":["post-2484","page","type-page","status-publish","has-post-thumbnail","hentry"],"yoast_head":"<!-- This site is optimized with the Yoast SEO plugin v27.5 - https:\/\/yoast.com\/product\/yoast-seo-wordpress\/ -->\n<title>Digitalna forenzika - Signal Intelligence<\/title>\n<meta name=\"description\" content=\"korporativna sigurnost\" \/>\n<meta name=\"robots\" content=\"index, follow, max-snippet:-1, max-image-preview:large, max-video-preview:-1\" \/>\n<link rel=\"canonical\" href=\"https:\/\/sigint.hr\/en\/digitalna-forenzika\/\" \/>\n<meta property=\"og:locale\" content=\"en_GB\" \/>\n<meta property=\"og:type\" content=\"article\" \/>\n<meta property=\"og:title\" content=\"Digitalna forenzika - Signal Intelligence\" \/>\n<meta property=\"og:description\" content=\"korporativna sigurnost\" \/>\n<meta property=\"og:url\" content=\"https:\/\/sigint.hr\/en\/digitalna-forenzika\/\" \/>\n<meta property=\"og:site_name\" content=\"Signal Intelligence\" \/>\n<meta property=\"article:modified_time\" content=\"2025-11-18T14:46:36+00:00\" \/>\n<meta property=\"og:image\" content=\"https:\/\/sigint.hr\/wp-content\/uploads\/2024\/09\/1_QSFxCeWnH0IWAnpAOQ6k6w.jpg\" \/>\n\t<meta property=\"og:image:width\" content=\"600\" \/>\n\t<meta property=\"og:image:height\" content=\"399\" \/>\n\t<meta property=\"og:image:type\" content=\"image\/jpeg\" \/>\n<meta name=\"twitter:card\" content=\"summary_large_image\" \/>\n<meta name=\"twitter:site\" content=\"@siginthr\" \/>\n<meta name=\"twitter:label1\" content=\"Estimated reading time\" \/>\n\t<meta name=\"twitter:data1\" content=\"1 minute\" \/>\n<script type=\"application\/ld+json\" class=\"yoast-schema-graph\">{\"@context\":\"https:\\\/\\\/schema.org\",\"@graph\":[{\"@type\":\"WebPage\",\"@id\":\"https:\\\/\\\/sigint.hr\\\/digitalna-forenzika\\\/\",\"url\":\"https:\\\/\\\/sigint.hr\\\/digitalna-forenzika\\\/\",\"name\":\"Digitalna forenzika - Signal Intelligence\",\"isPartOf\":{\"@id\":\"https:\\\/\\\/sigint.hr\\\/#website\"},\"primaryImageOfPage\":{\"@id\":\"https:\\\/\\\/sigint.hr\\\/digitalna-forenzika\\\/#primaryimage\"},\"image\":{\"@id\":\"https:\\\/\\\/sigint.hr\\\/digitalna-forenzika\\\/#primaryimage\"},\"thumbnailUrl\":\"https:\\\/\\\/sigint.hr\\\/wp-content\\\/uploads\\\/2024\\\/09\\\/1_QSFxCeWnH0IWAnpAOQ6k6w.jpg\",\"datePublished\":\"2024-09-21T13:06:52+00:00\",\"dateModified\":\"2025-11-18T14:46:36+00:00\",\"description\":\"korporativna sigurnost\",\"breadcrumb\":{\"@id\":\"https:\\\/\\\/sigint.hr\\\/digitalna-forenzika\\\/#breadcrumb\"},\"inLanguage\":\"en-GB\",\"potentialAction\":[{\"@type\":\"ReadAction\",\"target\":[\"https:\\\/\\\/sigint.hr\\\/digitalna-forenzika\\\/\"]}]},{\"@type\":\"ImageObject\",\"inLanguage\":\"en-GB\",\"@id\":\"https:\\\/\\\/sigint.hr\\\/digitalna-forenzika\\\/#primaryimage\",\"url\":\"https:\\\/\\\/sigint.hr\\\/wp-content\\\/uploads\\\/2024\\\/09\\\/1_QSFxCeWnH0IWAnpAOQ6k6w.jpg\",\"contentUrl\":\"https:\\\/\\\/sigint.hr\\\/wp-content\\\/uploads\\\/2024\\\/09\\\/1_QSFxCeWnH0IWAnpAOQ6k6w.jpg\",\"width\":600,\"height\":399},{\"@type\":\"BreadcrumbList\",\"@id\":\"https:\\\/\\\/sigint.hr\\\/digitalna-forenzika\\\/#breadcrumb\",\"itemListElement\":[{\"@type\":\"ListItem\",\"position\":1,\"name\":\"Po\u010detna stranica\",\"item\":\"https:\\\/\\\/sigint.hr\\\/\"},{\"@type\":\"ListItem\",\"position\":2,\"name\":\"Digitalna forenzika\"}]},{\"@type\":\"WebSite\",\"@id\":\"https:\\\/\\\/sigint.hr\\\/#website\",\"url\":\"https:\\\/\\\/sigint.hr\\\/\",\"name\":\"Signal Intelligence\",\"description\":\"Posebne mjere tehni\u010dke za\u0161tite\",\"publisher\":{\"@id\":\"https:\\\/\\\/sigint.hr\\\/#organization\"},\"potentialAction\":[{\"@type\":\"SearchAction\",\"target\":{\"@type\":\"EntryPoint\",\"urlTemplate\":\"https:\\\/\\\/sigint.hr\\\/?s={search_term_string}\"},\"query-input\":{\"@type\":\"PropertyValueSpecification\",\"valueRequired\":true,\"valueName\":\"search_term_string\"}}],\"inLanguage\":\"en-GB\"},{\"@type\":\"Organization\",\"@id\":\"https:\\\/\\\/sigint.hr\\\/#organization\",\"name\":\"Signal Intelligence\",\"alternateName\":\"SIGINT\",\"url\":\"https:\\\/\\\/sigint.hr\\\/\",\"logo\":{\"@type\":\"ImageObject\",\"inLanguage\":\"en-GB\",\"@id\":\"https:\\\/\\\/sigint.hr\\\/#\\\/schema\\\/logo\\\/image\\\/\",\"url\":\"https:\\\/\\\/sigint.hr\\\/wp-content\\\/uploads\\\/2024\\\/05\\\/SIGINT.png\",\"contentUrl\":\"https:\\\/\\\/sigint.hr\\\/wp-content\\\/uploads\\\/2024\\\/05\\\/SIGINT.png\",\"width\":4411,\"height\":4451,\"caption\":\"Signal Intelligence\"},\"image\":{\"@id\":\"https:\\\/\\\/sigint.hr\\\/#\\\/schema\\\/logo\\\/image\\\/\"},\"sameAs\":[\"https:\\\/\\\/x.com\\\/siginthr\",\"https:\\\/\\\/www.instagram.com\\\/sigint.hr\\\/\",\"https:\\\/\\\/www.youtube.com\\\/channel\\\/UCTbayLl_GkdJuYzo0hLU5ag\"]}]}<\/script>\n<!-- \/ Yoast SEO plugin. -->","yoast_head_json":{"title":"Digitalna forenzika - Signal Intelligence","description":"korporativna sigurnost","robots":{"index":"index","follow":"follow","max-snippet":"max-snippet:-1","max-image-preview":"max-image-preview:large","max-video-preview":"max-video-preview:-1"},"canonical":"https:\/\/sigint.hr\/en\/digitalna-forenzika\/","og_locale":"en_GB","og_type":"article","og_title":"Digitalna forenzika - Signal Intelligence","og_description":"korporativna sigurnost","og_url":"https:\/\/sigint.hr\/en\/digitalna-forenzika\/","og_site_name":"Signal Intelligence","article_modified_time":"2025-11-18T14:46:36+00:00","og_image":[{"width":600,"height":399,"url":"https:\/\/sigint.hr\/wp-content\/uploads\/2024\/09\/1_QSFxCeWnH0IWAnpAOQ6k6w.jpg","type":"image\/jpeg"}],"twitter_card":"summary_large_image","twitter_site":"@siginthr","twitter_misc":{"Estimated reading time":"1 minute"},"schema":{"@context":"https:\/\/schema.org","@graph":[{"@type":"WebPage","@id":"https:\/\/sigint.hr\/digitalna-forenzika\/","url":"https:\/\/sigint.hr\/digitalna-forenzika\/","name":"Digitalna forenzika - Signal Intelligence","isPartOf":{"@id":"https:\/\/sigint.hr\/#website"},"primaryImageOfPage":{"@id":"https:\/\/sigint.hr\/digitalna-forenzika\/#primaryimage"},"image":{"@id":"https:\/\/sigint.hr\/digitalna-forenzika\/#primaryimage"},"thumbnailUrl":"https:\/\/sigint.hr\/wp-content\/uploads\/2024\/09\/1_QSFxCeWnH0IWAnpAOQ6k6w.jpg","datePublished":"2024-09-21T13:06:52+00:00","dateModified":"2025-11-18T14:46:36+00:00","description":"korporativna sigurnost","breadcrumb":{"@id":"https:\/\/sigint.hr\/digitalna-forenzika\/#breadcrumb"},"inLanguage":"en-GB","potentialAction":[{"@type":"ReadAction","target":["https:\/\/sigint.hr\/digitalna-forenzika\/"]}]},{"@type":"ImageObject","inLanguage":"en-GB","@id":"https:\/\/sigint.hr\/digitalna-forenzika\/#primaryimage","url":"https:\/\/sigint.hr\/wp-content\/uploads\/2024\/09\/1_QSFxCeWnH0IWAnpAOQ6k6w.jpg","contentUrl":"https:\/\/sigint.hr\/wp-content\/uploads\/2024\/09\/1_QSFxCeWnH0IWAnpAOQ6k6w.jpg","width":600,"height":399},{"@type":"BreadcrumbList","@id":"https:\/\/sigint.hr\/digitalna-forenzika\/#breadcrumb","itemListElement":[{"@type":"ListItem","position":1,"name":"Po\u010detna stranica","item":"https:\/\/sigint.hr\/"},{"@type":"ListItem","position":2,"name":"Digitalna forenzika"}]},{"@type":"WebSite","@id":"https:\/\/sigint.hr\/#website","url":"https:\/\/sigint.hr\/","name":"Signal Intelligence","description":"Technical Surveillance Counter Measures","publisher":{"@id":"https:\/\/sigint.hr\/#organization"},"potentialAction":[{"@type":"SearchAction","target":{"@type":"EntryPoint","urlTemplate":"https:\/\/sigint.hr\/?s={search_term_string}"},"query-input":{"@type":"PropertyValueSpecification","valueRequired":true,"valueName":"search_term_string"}}],"inLanguage":"en-GB"},{"@type":"Organization","@id":"https:\/\/sigint.hr\/#organization","name":"Signal Intelligence","alternateName":"SIGINT","url":"https:\/\/sigint.hr\/","logo":{"@type":"ImageObject","inLanguage":"en-GB","@id":"https:\/\/sigint.hr\/#\/schema\/logo\/image\/","url":"https:\/\/sigint.hr\/wp-content\/uploads\/2024\/05\/SIGINT.png","contentUrl":"https:\/\/sigint.hr\/wp-content\/uploads\/2024\/05\/SIGINT.png","width":4411,"height":4451,"caption":"Signal Intelligence"},"image":{"@id":"https:\/\/sigint.hr\/#\/schema\/logo\/image\/"},"sameAs":["https:\/\/x.com\/siginthr","https:\/\/www.instagram.com\/sigint.hr\/","https:\/\/www.youtube.com\/channel\/UCTbayLl_GkdJuYzo0hLU5ag"]}]}},"_links":{"self":[{"href":"https:\/\/sigint.hr\/en\/wp-json\/wp\/v2\/pages\/2484","targetHints":{"allow":["GET"]}}],"collection":[{"href":"https:\/\/sigint.hr\/en\/wp-json\/wp\/v2\/pages"}],"about":[{"href":"https:\/\/sigint.hr\/en\/wp-json\/wp\/v2\/types\/page"}],"author":[{"embeddable":true,"href":"https:\/\/sigint.hr\/en\/wp-json\/wp\/v2\/users\/1"}],"replies":[{"embeddable":true,"href":"https:\/\/sigint.hr\/en\/wp-json\/wp\/v2\/comments?post=2484"}],"version-history":[{"count":17,"href":"https:\/\/sigint.hr\/en\/wp-json\/wp\/v2\/pages\/2484\/revisions"}],"predecessor-version":[{"id":2955,"href":"https:\/\/sigint.hr\/en\/wp-json\/wp\/v2\/pages\/2484\/revisions\/2955"}],"wp:featuredmedia":[{"embeddable":true,"href":"https:\/\/sigint.hr\/en\/wp-json\/wp\/v2\/media\/2494"}],"wp:attachment":[{"href":"https:\/\/sigint.hr\/en\/wp-json\/wp\/v2\/media?parent=2484"}],"curies":[{"name":"wp","href":"https:\/\/api.w.org\/{rel}","templated":true}]}}