{"id":13,"date":"2021-08-15T18:48:01","date_gmt":"2021-08-15T16:48:01","guid":{"rendered":"https:\/\/sigint.hr\/\/?page_id=13"},"modified":"2026-03-26T14:40:00","modified_gmt":"2026-03-26T13:40:00","slug":"naslovnica","status":"publish","type":"page","link":"https:\/\/sigint.hr\/en\/","title":{"rendered":"Technical Surveillance Counter Measures"},"content":{"rendered":"<div id=\"sigint-slider\" class=\"carousel slide carousel-fade\" data-bs-ride=\"carousel\" data-bs-interval=\"4000\" data-bs-pause=\"false\">\n\t<div class=\"carousel-indicators\">\n\t\t\t\t\t<button type=\"button\" data-bs-target=\"#sigint-slider\" data-bs-slide-to=\"0\" class=\"active\" aria-current=\"true\" aria-label=\"Slide 1\"><\/button>\n\t\t\t\t\t<button type=\"button\" data-bs-target=\"#sigint-slider\" data-bs-slide-to=\"1\" aria-label=\"Slide 2\"><\/button>\n\t\t\t\t\t<button type=\"button\" data-bs-target=\"#sigint-slider\" data-bs-slide-to=\"2\" aria-label=\"Slide 3\"><\/button>\n\t\t\t\t\t<button type=\"button\" data-bs-target=\"#sigint-slider\" data-bs-slide-to=\"3\" aria-label=\"Slide 4\"><\/button>\n\t\t\t\t\t<button type=\"button\" data-bs-target=\"#sigint-slider\" data-bs-slide-to=\"4\" aria-label=\"Slide 5\"><\/button>\n\t\t\t\t\t<button type=\"button\" data-bs-target=\"#sigint-slider\" data-bs-slide-to=\"5\" aria-label=\"Slide 6\"><\/button>\n\t\t\t<\/div>\n\t<div class=\"carousel-inner\">\n\t\t\t\t\t<div class=\"carousel-item active\">\n\t\t\t\t\t\t\t\t\t<img loading=\"lazy\" decoding=\"async\" src=\"https:\/\/sigint.hr\/wp-content\/uploads\/2022\/03\/Slika-00.png\" class=\"carousel-image\" width=\"1148\" height=\"766\">\t\t\t\t\t\t\t\t<div class=\"carousel-caption\">\n\t\t\t\t\t<div class=\"container\">\n\t\t\t\t\t\t<div class=\"row\">\n\t\t\t\t\t\t\t<div class=\"col\">\n\t\t\t\t\t\t\t\t<h1 class=\"carousel-title\"><\/h1>\n\t\t\t\t\t\t\t\t<p class=\"carousel-text\"><\/p>\n\t\t\t\t\t\t\t\t\t\t\t\t\t\t\t<\/div>\n\t\t\t\t\t\t<\/div>\n\t\t\t\t\t<\/div>\n\t\t\t\t<\/div>\n\t\t\t<\/div>\n\t\t\t\t\t<div class=\"carousel-item\">\n\t\t\t\t\t\t\t\t\t<img loading=\"lazy\" decoding=\"async\" src=\"https:\/\/sigint.hr\/wp-content\/uploads\/2025\/07\/1.png\" class=\"carousel-image\" width=\"600\" height=\"409\">\t\t\t\t\t\t\t\t<div class=\"carousel-caption\">\n\t\t\t\t\t<div class=\"container\">\n\t\t\t\t\t\t<div class=\"row\">\n\t\t\t\t\t\t\t<div class=\"col\">\n\t\t\t\t\t\t\t\t<h1 class=\"carousel-title\"><\/h1>\n\t\t\t\t\t\t\t\t<p class=\"carousel-text\"><\/p>\n\t\t\t\t\t\t\t\t\t\t\t\t\t\t\t<\/div>\n\t\t\t\t\t\t<\/div>\n\t\t\t\t\t<\/div>\n\t\t\t\t<\/div>\n\t\t\t<\/div>\n\t\t\t\t\t<div class=\"carousel-item\">\n\t\t\t\t\t\t\t\t\t<img loading=\"lazy\" decoding=\"async\" src=\"https:\/\/sigint.hr\/wp-content\/uploads\/2025\/07\/2.png\" class=\"carousel-image\" width=\"600\" height=\"409\">\t\t\t\t\t\t\t\t<div class=\"carousel-caption\">\n\t\t\t\t\t<div class=\"container\">\n\t\t\t\t\t\t<div class=\"row\">\n\t\t\t\t\t\t\t<div class=\"col\">\n\t\t\t\t\t\t\t\t<h1 class=\"carousel-title\"><\/h1>\n\t\t\t\t\t\t\t\t<p class=\"carousel-text\"><\/p>\n\t\t\t\t\t\t\t\t\t\t\t\t\t\t\t<\/div>\n\t\t\t\t\t\t<\/div>\n\t\t\t\t\t<\/div>\n\t\t\t\t<\/div>\n\t\t\t<\/div>\n\t\t\t\t\t<div class=\"carousel-item\">\n\t\t\t\t\t\t\t\t\t<img loading=\"lazy\" decoding=\"async\" src=\"https:\/\/sigint.hr\/wp-content\/uploads\/2025\/07\/3.png\" class=\"carousel-image\" width=\"600\" height=\"400\">\t\t\t\t\t\t\t\t<div class=\"carousel-caption\">\n\t\t\t\t\t<div class=\"container\">\n\t\t\t\t\t\t<div class=\"row\">\n\t\t\t\t\t\t\t<div class=\"col\">\n\t\t\t\t\t\t\t\t<h1 class=\"carousel-title\"><\/h1>\n\t\t\t\t\t\t\t\t<p class=\"carousel-text\"><\/p>\n\t\t\t\t\t\t\t\t\t\t\t\t\t\t\t<\/div>\n\t\t\t\t\t\t<\/div>\n\t\t\t\t\t<\/div>\n\t\t\t\t<\/div>\n\t\t\t<\/div>\n\t\t\t\t\t<div class=\"carousel-item\">\n\t\t\t\t\t\t\t\t\t<img loading=\"lazy\" decoding=\"async\" src=\"https:\/\/sigint.hr\/wp-content\/uploads\/2025\/02\/surveillance.jpg\" class=\"carousel-image\" width=\"905\" height=\"618\">\t\t\t\t\t\t\t\t<div class=\"carousel-caption\">\n\t\t\t\t\t<div class=\"container\">\n\t\t\t\t\t\t<div class=\"row\">\n\t\t\t\t\t\t\t<div class=\"col\">\n\t\t\t\t\t\t\t\t<h1 class=\"carousel-title\"><\/h1>\n\t\t\t\t\t\t\t\t<p class=\"carousel-text\"><\/p>\n\t\t\t\t\t\t\t\t\t\t\t\t\t\t\t<\/div>\n\t\t\t\t\t\t<\/div>\n\t\t\t\t\t<\/div>\n\t\t\t\t<\/div>\n\t\t\t<\/div>\n\t\t\t\t\t<div class=\"carousel-item\">\n\t\t\t\t\t\t\t\t\t<img loading=\"lazy\" decoding=\"async\" src=\"https:\/\/sigint.hr\/wp-content\/uploads\/2025\/02\/WiFi.jpg\" class=\"carousel-image\" width=\"1203\" height=\"673\">\t\t\t\t\t\t\t\t<div class=\"carousel-caption\">\n\t\t\t\t\t<div class=\"container\">\n\t\t\t\t\t\t<div class=\"row\">\n\t\t\t\t\t\t\t<div class=\"col\">\n\t\t\t\t\t\t\t\t<h1 class=\"carousel-title\"><\/h1>\n\t\t\t\t\t\t\t\t<p class=\"carousel-text\"><\/p>\n\t\t\t\t\t\t\t\t\t\t\t\t\t\t\t<\/div>\n\t\t\t\t\t\t<\/div>\n\t\t\t\t\t<\/div>\n\t\t\t\t<\/div>\n\t\t\t<\/div>\n\t\t\t<\/div>\n\t<button class=\"carousel-control-prev d-none d-lg-block\" type=\"button\" data-bs-target=\"#sigint-slider\" data-bs-slide=\"prev\">\n\t\t<span class=\"carousel-control-prev-icon\" aria-hidden=\"true\"><\/span>\n\t\t<span class=\"visually-hidden\">Previous<\/span>\n\t<\/button>\n\t<button class=\"carousel-control-next d-none d-lg-block\" type=\"button\" data-bs-target=\"#sigint-slider\" data-bs-slide=\"next\">\n\t\t<span class=\"carousel-control-next-icon\" aria-hidden=\"true\"><\/span>\n\t\t<span class=\"visually-hidden\">Next<\/span>\n\t<\/button>\n<\/div>\n\n\n<main>\n\t\t\t<section class=\"py-4 py-md-5\">\n\t\t\t<div class=\"container\">\n\t\t\t\t<div class=\"row\">\n\t\t\t\t\t\t\t\t\t\t\t<div class=\"col-lg-12\">\n\t\t\t\t\t\t\t<div class=\"wysiwyg\">\n\t\t\t\t\t\t\t\t<h3>Technical Surveillance Counter Measures<\/h3>\n\t\t\t\t\t\t\t\t<div>\n<p><span lang=\"HR\">Leaked or illegally obtained information can seriously compromise an organization\u2019s strategic interests, including the loss of stakeholder trust and significant reputational damage.<\/span><\/p>\n<\/div>\n<div>\n<p><span lang=\"HR\">Technical surveillance devices may be concealed in any room, device, furnishing or container that would typically be found in an office or home setting, and the transmission ranges are almost unlimited.<\/span><\/p>\n<\/div>\n<div>\n<p><span lang=\"HR\">The increasing sophistication technical attacks can threaten even the most protected organisations.<\/span><\/p>\n<\/div>\n<h3>Threat analysis, consulting and planning of protection against technical espionage<\/h3>\n<div>\n<div>\n<p><span lang=\"HR\">Under the term \"protecting against technical espionage\" we summarize all services for checking vehicles, rooms and local networks for eavesdropping protection. By using state-of-the-art technology we are able to systematically detect and analyze threats and\/or potential weaknesses to neutralise any risks.<\/span><\/p>\n<\/div>\n<p><strong><u>Cyber security is vital, but does not protect spoken word.<\/u><\/strong><\/p>\n<p><strong><em>If you decide for our services, please don\u2019t contact us <\/em><\/strong><strong>from the potentially compromised space.<\/strong><\/p>\n<\/div>\n<p style=\"text-align: left;\"><a href=\"https:\/\/sigint.hr\/en\/kontakt\/\" target=\"_blank\" rel=\"noopener\">Feel free to contact us with full confidence!<\/a><\/p>\n\t\t\t\t\t\t\t<\/div>\n\t\t\t\t\t\t<\/div>\n\t\t\t\t\t\t\t\t\t<\/div>\n\t\t\t<\/div>\n\t\t<\/section>\n\t<\/main>","protected":false},"excerpt":{"rendered":"","protected":false},"author":1,"featured_media":2161,"parent":0,"menu_order":0,"comment_status":"closed","ping_status":"closed","template":"","meta":{"footnotes":""},"class_list":["post-13","page","type-page","status-publish","has-post-thumbnail","hentry"],"yoast_head":"<!-- This site is optimized with the Yoast SEO plugin v27.5 - https:\/\/yoast.com\/product\/yoast-seo-wordpress\/ -->\n<title>Posebne mjere tehni\u010dke za\u0161tite - Signal Intelligence<\/title>\n<meta name=\"description\" content=\"Protuprislu\u0161ni pregled\" \/>\n<meta name=\"robots\" content=\"index, follow, max-snippet:-1, max-image-preview:large, max-video-preview:-1\" \/>\n<link rel=\"canonical\" href=\"https:\/\/sigint.hr\/en\/\" \/>\n<meta property=\"og:locale\" content=\"en_GB\" \/>\n<meta property=\"og:type\" content=\"article\" \/>\n<meta property=\"og:title\" content=\"Posebne mjere tehni\u010dke za\u0161tite - Signal Intelligence\" \/>\n<meta property=\"og:description\" content=\"Protuprislu\u0161ni pregled\" \/>\n<meta property=\"og:url\" content=\"https:\/\/sigint.hr\/en\/\" \/>\n<meta property=\"og:site_name\" content=\"Signal Intelligence\" \/>\n<meta property=\"article:modified_time\" content=\"2026-03-26T13:40:00+00:00\" \/>\n<meta property=\"og:image\" content=\"https:\/\/sigint.hr\/wp-content\/uploads\/2024\/05\/SIGINT.png\" \/>\n\t<meta property=\"og:image:width\" content=\"4411\" \/>\n\t<meta property=\"og:image:height\" content=\"4451\" \/>\n\t<meta property=\"og:image:type\" content=\"image\/png\" \/>\n<meta name=\"twitter:card\" content=\"summary_large_image\" \/>\n<meta name=\"twitter:site\" content=\"@siginthr\" \/>\n<script type=\"application\/ld+json\" class=\"yoast-schema-graph\">{\"@context\":\"https:\\\/\\\/schema.org\",\"@graph\":[{\"@type\":\"WebPage\",\"@id\":\"https:\\\/\\\/sigint.hr\\\/\",\"url\":\"https:\\\/\\\/sigint.hr\\\/\",\"name\":\"Posebne mjere tehni\u010dke za\u0161tite - Signal Intelligence\",\"isPartOf\":{\"@id\":\"https:\\\/\\\/sigint.hr\\\/#website\"},\"primaryImageOfPage\":{\"@id\":\"https:\\\/\\\/sigint.hr\\\/#primaryimage\"},\"image\":{\"@id\":\"https:\\\/\\\/sigint.hr\\\/#primaryimage\"},\"thumbnailUrl\":\"https:\\\/\\\/sigint.hr\\\/wp-content\\\/uploads\\\/2024\\\/05\\\/SIGINT.png\",\"datePublished\":\"2021-08-15T16:48:01+00:00\",\"dateModified\":\"2026-03-26T13:40:00+00:00\",\"description\":\"Protuprislu\u0161ni pregled\",\"breadcrumb\":{\"@id\":\"https:\\\/\\\/sigint.hr\\\/#breadcrumb\"},\"inLanguage\":\"en-GB\",\"potentialAction\":[{\"@type\":\"ReadAction\",\"target\":[\"https:\\\/\\\/sigint.hr\\\/\"]}]},{\"@type\":\"ImageObject\",\"inLanguage\":\"en-GB\",\"@id\":\"https:\\\/\\\/sigint.hr\\\/#primaryimage\",\"url\":\"https:\\\/\\\/sigint.hr\\\/wp-content\\\/uploads\\\/2024\\\/05\\\/SIGINT.png\",\"contentUrl\":\"https:\\\/\\\/sigint.hr\\\/wp-content\\\/uploads\\\/2024\\\/05\\\/SIGINT.png\",\"width\":4411,\"height\":4451},{\"@type\":\"BreadcrumbList\",\"@id\":\"https:\\\/\\\/sigint.hr\\\/#breadcrumb\",\"itemListElement\":[{\"@type\":\"ListItem\",\"position\":1,\"name\":\"Po\u010detna stranica\",\"item\":\"https:\\\/\\\/sigint.hr\\\/\"},{\"@type\":\"ListItem\",\"position\":2,\"name\":\"Posebne mjere tehni\u010dke za\u0161tite\"}]},{\"@type\":\"WebSite\",\"@id\":\"https:\\\/\\\/sigint.hr\\\/#website\",\"url\":\"https:\\\/\\\/sigint.hr\\\/\",\"name\":\"Signal Intelligence\",\"description\":\"Posebne mjere tehni\u010dke za\u0161tite\",\"publisher\":{\"@id\":\"https:\\\/\\\/sigint.hr\\\/#organization\"},\"potentialAction\":[{\"@type\":\"SearchAction\",\"target\":{\"@type\":\"EntryPoint\",\"urlTemplate\":\"https:\\\/\\\/sigint.hr\\\/?s={search_term_string}\"},\"query-input\":{\"@type\":\"PropertyValueSpecification\",\"valueRequired\":true,\"valueName\":\"search_term_string\"}}],\"inLanguage\":\"en-GB\"},{\"@type\":\"Organization\",\"@id\":\"https:\\\/\\\/sigint.hr\\\/#organization\",\"name\":\"Signal Intelligence\",\"alternateName\":\"SIGINT\",\"url\":\"https:\\\/\\\/sigint.hr\\\/\",\"logo\":{\"@type\":\"ImageObject\",\"inLanguage\":\"en-GB\",\"@id\":\"https:\\\/\\\/sigint.hr\\\/#\\\/schema\\\/logo\\\/image\\\/\",\"url\":\"https:\\\/\\\/sigint.hr\\\/wp-content\\\/uploads\\\/2024\\\/05\\\/SIGINT.png\",\"contentUrl\":\"https:\\\/\\\/sigint.hr\\\/wp-content\\\/uploads\\\/2024\\\/05\\\/SIGINT.png\",\"width\":4411,\"height\":4451,\"caption\":\"Signal Intelligence\"},\"image\":{\"@id\":\"https:\\\/\\\/sigint.hr\\\/#\\\/schema\\\/logo\\\/image\\\/\"},\"sameAs\":[\"https:\\\/\\\/x.com\\\/siginthr\",\"https:\\\/\\\/www.instagram.com\\\/sigint.hr\\\/\",\"https:\\\/\\\/www.youtube.com\\\/channel\\\/UCTbayLl_GkdJuYzo0hLU5ag\"]}]}<\/script>\n<!-- \/ Yoast SEO plugin. -->","yoast_head_json":{"title":"Posebne mjere tehni\u010dke za\u0161tite - Signal Intelligence","description":"Eavesdropping Detection","robots":{"index":"index","follow":"follow","max-snippet":"max-snippet:-1","max-image-preview":"max-image-preview:large","max-video-preview":"max-video-preview:-1"},"canonical":"https:\/\/sigint.hr\/en\/","og_locale":"en_GB","og_type":"article","og_title":"Posebne mjere tehni\u010dke za\u0161tite - Signal Intelligence","og_description":"Protuprislu\u0161ni pregled","og_url":"https:\/\/sigint.hr\/en\/","og_site_name":"Signal Intelligence","article_modified_time":"2026-03-26T13:40:00+00:00","og_image":[{"width":4411,"height":4451,"url":"https:\/\/sigint.hr\/wp-content\/uploads\/2024\/05\/SIGINT.png","type":"image\/png"}],"twitter_card":"summary_large_image","twitter_site":"@siginthr","schema":{"@context":"https:\/\/schema.org","@graph":[{"@type":"WebPage","@id":"https:\/\/sigint.hr\/","url":"https:\/\/sigint.hr\/","name":"Posebne mjere tehni\u010dke za\u0161tite - Signal Intelligence","isPartOf":{"@id":"https:\/\/sigint.hr\/#website"},"primaryImageOfPage":{"@id":"https:\/\/sigint.hr\/#primaryimage"},"image":{"@id":"https:\/\/sigint.hr\/#primaryimage"},"thumbnailUrl":"https:\/\/sigint.hr\/wp-content\/uploads\/2024\/05\/SIGINT.png","datePublished":"2021-08-15T16:48:01+00:00","dateModified":"2026-03-26T13:40:00+00:00","description":"Eavesdropping Detection","breadcrumb":{"@id":"https:\/\/sigint.hr\/#breadcrumb"},"inLanguage":"en-GB","potentialAction":[{"@type":"ReadAction","target":["https:\/\/sigint.hr\/"]}]},{"@type":"ImageObject","inLanguage":"en-GB","@id":"https:\/\/sigint.hr\/#primaryimage","url":"https:\/\/sigint.hr\/wp-content\/uploads\/2024\/05\/SIGINT.png","contentUrl":"https:\/\/sigint.hr\/wp-content\/uploads\/2024\/05\/SIGINT.png","width":4411,"height":4451},{"@type":"BreadcrumbList","@id":"https:\/\/sigint.hr\/#breadcrumb","itemListElement":[{"@type":"ListItem","position":1,"name":"Po\u010detna stranica","item":"https:\/\/sigint.hr\/"},{"@type":"ListItem","position":2,"name":"Posebne mjere tehni\u010dke za\u0161tite"}]},{"@type":"WebSite","@id":"https:\/\/sigint.hr\/#website","url":"https:\/\/sigint.hr\/","name":"Signal Intelligence","description":"Technical Surveillance Counter Measures","publisher":{"@id":"https:\/\/sigint.hr\/#organization"},"potentialAction":[{"@type":"SearchAction","target":{"@type":"EntryPoint","urlTemplate":"https:\/\/sigint.hr\/?s={search_term_string}"},"query-input":{"@type":"PropertyValueSpecification","valueRequired":true,"valueName":"search_term_string"}}],"inLanguage":"en-GB"},{"@type":"Organization","@id":"https:\/\/sigint.hr\/#organization","name":"Signal Intelligence","alternateName":"SIGINT","url":"https:\/\/sigint.hr\/","logo":{"@type":"ImageObject","inLanguage":"en-GB","@id":"https:\/\/sigint.hr\/#\/schema\/logo\/image\/","url":"https:\/\/sigint.hr\/wp-content\/uploads\/2024\/05\/SIGINT.png","contentUrl":"https:\/\/sigint.hr\/wp-content\/uploads\/2024\/05\/SIGINT.png","width":4411,"height":4451,"caption":"Signal Intelligence"},"image":{"@id":"https:\/\/sigint.hr\/#\/schema\/logo\/image\/"},"sameAs":["https:\/\/x.com\/siginthr","https:\/\/www.instagram.com\/sigint.hr\/","https:\/\/www.youtube.com\/channel\/UCTbayLl_GkdJuYzo0hLU5ag"]}]}},"_links":{"self":[{"href":"https:\/\/sigint.hr\/en\/wp-json\/wp\/v2\/pages\/13","targetHints":{"allow":["GET"]}}],"collection":[{"href":"https:\/\/sigint.hr\/en\/wp-json\/wp\/v2\/pages"}],"about":[{"href":"https:\/\/sigint.hr\/en\/wp-json\/wp\/v2\/types\/page"}],"author":[{"embeddable":true,"href":"https:\/\/sigint.hr\/en\/wp-json\/wp\/v2\/users\/1"}],"replies":[{"embeddable":true,"href":"https:\/\/sigint.hr\/en\/wp-json\/wp\/v2\/comments?post=13"}],"version-history":[{"count":561,"href":"https:\/\/sigint.hr\/en\/wp-json\/wp\/v2\/pages\/13\/revisions"}],"predecessor-version":[{"id":2991,"href":"https:\/\/sigint.hr\/en\/wp-json\/wp\/v2\/pages\/13\/revisions\/2991"}],"wp:featuredmedia":[{"embeddable":true,"href":"https:\/\/sigint.hr\/en\/wp-json\/wp\/v2\/media\/2161"}],"wp:attachment":[{"href":"https:\/\/sigint.hr\/en\/wp-json\/wp\/v2\/media?parent=13"}],"curies":[{"name":"wp","href":"https:\/\/api.w.org\/{rel}","templated":true}]}}